
{"id":25,"date":"2018-04-18T13:23:24","date_gmt":"2018-04-18T12:23:24","guid":{"rendered":"https:\/\/www.british-contractor.com\/de\/?page_id=25"},"modified":"2025-04-16T17:06:45","modified_gmt":"2025-04-16T16:06:45","slug":"immobilienrenovierungsdienste","status":"publish","type":"page","link":"https:\/\/www.british-contractor.com\/de\/immobilienrenovierungsdienste\/","title":{"rendered":"Immobilienrenovierungsdienste"},"content":{"rendered":"<p>[vc_row full_width=&#8221;stretch_row&#8221; css=&#8221;.vc_custom_1529596689969{margin-top: -70px !important;padding-top: 40px !important;padding-bottom: 40px !important;background-color: #f6f6f6 !important;}&#8221;][vc_column width=&#8221;1\/12&#8243; offset=&#8221;vc_hidden-md vc_hidden-sm vc_col-xs-1 vc_hidden-xs&#8221;][\/vc_column][vc_column width=&#8221;5\/6&#8243; offset=&#8221;vc_col-lg-10 vc_col-xs-12&#8243;][vc_column_text el_class=&#8221;page-header-text-1&#8243;]<\/p>\n<p style=\"text-align: center;\"><strong>Kein Job zu gro\u00df, kein Job zu klein<\/strong><\/p>\n<p>[\/vc_column_text][vc_column_text]<\/p>\n<p style=\"text-align: center;\">Unser Service zur Renovierung von Immobilien w\u00e4chst schnell. Von eleganten Verbesserungen bis hin zu vollst\u00e4ndigen Geb\u00e4udeentwicklungen, tun wir alles zum h\u00f6chstem Niveau &#8211; und Ihr Zuhause verdient das Beste.<\/p>\n<p style=\"text-align: center;\">Wir k\u00f6nnen direkt aus den Pl\u00e4nen des Architekten lesen und Sie zu jedem Aspekt Ihres Projekts beraten. Machen Sie sich keine Sorgen um Planungsgenehmigungen, Architekten und m\u00fchsamen Papierkram. Wir werden Sie durch den gesamten Bauprocess f\u00fchren, um ihn so reibungslos und stressfrei wie m\u00f6glich zu gestalten.<\/p>\n<p style=\"text-align: center;\">Wir haben ein tiefes Verst\u00e4ndnis f\u00fcr das Baugewerbe auf Mallorca und wir haben ein schnelles, effizientes Team, das erscheint und die Arbeit beginnt, wenn wir sagen, da\u00df wir es tun werden und Ihren Auftrag erledigen wird.<\/p>\n<p>[\/vc_column_text][\/vc_column][vc_column width=&#8221;1\/12&#8243; offset=&#8221;vc_hidden-md vc_hidden-sm vc_col-xs-1 vc_hidden-xs&#8221;][\/vc_column][\/vc_row][vc_row css=&#8221;.vc_custom_1608569590949{margin-top: 40px !important;}&#8221;][vc_column][vc_column_text el_class=&#8221;section-title&#8221;]<\/p>\n<p style=\"text-align: center;\">Immobilienrenovierungsdienste<\/p>\n<p>[\/vc_column_text][vc_column_text el_class=&#8221;testimonial-section-description&#8221;]<\/p>\n<p style=\"text-align: center;\">SIE SIND IN SICHEREN H\u00c4NDEN<\/p>\n<p>[\/vc_column_text][\/vc_column][\/vc_row][vc_row css=&#8221;.vc_custom_1608569646980{padding-top: 40px !important;padding-bottom: 40px !important;}&#8221;][vc_column width=&#8221;1\/3&#8243;][vc_single_image image=&#8221;2130&#8243; img_size=&#8221;medium-landscape&#8221; alignment=&#8221;center&#8221; onclick=&#8221;custom_link&#8221; css_animation=&#8221;fadeIn&#8221; el_class=&#8221;core-value-icon&#8221; link=&#8221;https:\/\/www.british-contractor.com\/de\/refurbishment\/kitchen-refurbishment\/&#8221;][vc_column_text]<a href=\"https:\/\/www.british-contractor.com\/de\/refurbishment\/kitchen-refurbishment\/\">K\u00dcCHENRENOVIERUNG <i class=\"fa fa-arrow-circle-right\"><\/i><\/a>[\/vc_column_text][\/vc_column][vc_column width=&#8221;1\/3&#8243;][vc_single_image image=&#8221;2131&#8243; img_size=&#8221;medium-landscape&#8221; alignment=&#8221;center&#8221; onclick=&#8221;custom_link&#8221; css_animation=&#8221;fadeIn&#8221; el_class=&#8221;core-value-icon&#8221; link=&#8221;https:\/\/www.british-contractor.com\/de\/refurbishment\/bathroom-refurbishment\/&#8221;][vc_column_text]<a href=\"https:\/\/www.british-contractor.com\/de\/refurbishment\/bathroom-refurbishment\/\"> BADEZIMMERSANIERUNG\u00a0<i class=\"fa fa-arrow-circle-right\"><\/i><\/a>[\/vc_column_text][\/vc_column][vc_column width=&#8221;1\/3&#8243;][vc_single_image image=&#8221;2254&#8243; img_size=&#8221;medium-landscape&#8221; alignment=&#8221;center&#8221; onclick=&#8221;custom_link&#8221; css_animation=&#8221;fadeIn&#8221; el_class=&#8221;core-value-icon&#8221; link=&#8221;https:\/\/www.british-contractor.com\/de\/refurbishment\/general-refurbishment\/&#8221;][vc_column_text]<a href=\"https:\/\/www.british-contractor.com\/de\/refurbishment\/general-refurbishment\/\">ALLGEMEINE SANIERUNG <i class=\"fa fa-arrow-circle-right\"><\/i><\/a>[\/vc_column_text][\/vc_column][\/vc_row][vc_row full_width=&#8221;stretch_row&#8221; css=&#8221;.vc_custom_1608628104002{margin-bottom: -70px !important;background-color: #f6f6f6 !important;}&#8221;][vc_column width=&#8221;5\/12&#8243; css=&#8221;.vc_custom_1608569492563{padding-top: 60px !important;padding-bottom: 60px !important;}&#8221; offset=&#8221;vc_col-lg-5 vc_col-md-6 vc_col-xs-12&#8243;][vc_custom_heading text=&#8221;Raumplaner&#8221; font_container=&#8221;tag:h1|text_align:left&#8221; use_theme_fonts=&#8221;yes&#8221;][vc_custom_heading text=&#8221;Probieren Sie unser schlaues neues Tool aus, mit dem Sie Ihr Zimmer planen und uns die Vorschau senden k\u00f6nnen.<br \/>\nIN ENGLISCHER SPRACHE&#8221; font_container=&#8221;tag:p|text_align:left|color:%2302305b&#8221; use_theme_fonts=&#8221;yes&#8221;][vc_empty_space][vc_raw_html]JTNDaW1nJTIwc3JjJTNEJTIyaHR0cHMlM0ElMkYlMkZ3d3cuYnJpdGlzaC1jb250cmFjdG9yLmNvbSUyRndwLWNvbnRlbnQlMkZ1cGxvYWRzJTJGMjAyMCUyRjEyJTJGQXJ0aUNBRF9QUk8uc3ZnJTIyJTIwd2lkdGglM0QlMjIyMjElMjIlMjBoZWlnaHQlM0QlMjI2MCUyMiUyMGFsdCUzRCUyMkFydGlDQURfUFJPJTIyJTIwdGl0bGUlM0QlMjJBcnRpQ0FEX1BSTyUyMiUzRQ==[\/vc_raw_html][vc_btn title=&#8221;RAUMPLANER LADEN&#8221; style=&#8221;custom&#8221; custom_background=&#8221;#d00e14&#8243; custom_text=&#8221;#ffffff&#8221; shape=&#8221;square&#8221; i_align=&#8221;right&#8221; i_icon_fontawesome=&#8221;fas fa-arrow-circle-right&#8221; add_icon=&#8221;true&#8221; link=&#8221;url:https%3A%2F%2Fwww.british-contractor.com%2Froom-planner%2F|title:Room%20Planner&#8221;][\/vc_column][vc_column width=&#8221;1\/2&#8243; offset=&#8221;vc_col-lg-offset-1 vc_col-lg-6 vc_col-md-6 vc_col-xs-12&#8243;][vc_single_image image=&#8221;3111&#8243; img_size=&#8221;full&#8221;][\/vc_column][\/vc_row]<\/p>\n","protected":false},"excerpt":{"rendered":"<p>[vc_row full_width=&#8221;stretch_row&#8221; css=&#8221;.vc_custom_1529596689969{margin-top: -70px !important;padding-top: 40px !important;padding-bottom: 40px !important;background-color: #f6f6f6 !important;}&#8221;][vc_column width=&#8221;1\/12&#8243; offset=&#8221;vc_hidden-md vc_hidden-sm vc_col-xs-1 vc_hidden-xs&#8221;][\/vc_column][vc_column width=&#8221;5\/6&#8243; offset=&#8221;vc_col-lg-10 vc_col-xs-12&#8243;][vc_column_text el_class=&#8221;page-header-text-1&#8243;] Kein Job zu gro\u00df, kein Job zu klein [\/vc_column_text][vc_column_text] Unser Service zur Renovierung von Immobilien w\u00e4chst schnell. Von eleganten Verbesserungen bis hin zu vollst\u00e4ndigen Geb\u00e4udeentwicklungen, tun wir alles zum h\u00f6chstem &hellip;<\/p>\n","protected":false},"author":3,"featured_media":2129,"parent":0,"menu_order":3,"comment_status":"closed","ping_status":"closed","template":"","meta":{"_acf_changed":false,"_joinchat":[],"footnotes":""},"class_list":["post-25","page","type-page","status-publish","has-post-thumbnail","hentry"],"acf":[],"_links":{"self":[{"href":"https:\/\/www.british-contractor.com\/de\/wp-json\/wp\/v2\/pages\/25","targetHints":{"allow":["GET"]}}],"collection":[{"href":"https:\/\/www.british-contractor.com\/de\/wp-json\/wp\/v2\/pages"}],"about":[{"href":"https:\/\/www.british-contractor.com\/de\/wp-json\/wp\/v2\/types\/page"}],"author":[{"embeddable":true,"href":"https:\/\/www.british-contractor.com\/de\/wp-json\/wp\/v2\/users\/3"}],"replies":[{"embeddable":true,"href":"https:\/\/www.british-contractor.com\/de\/wp-json\/wp\/v2\/comments?post=25"}],"version-history":[{"count":60,"href":"https:\/\/www.british-contractor.com\/de\/wp-json\/wp\/v2\/pages\/25\/revisions"}],"predecessor-version":[{"id":3389,"href":"https:\/\/www.british-contractor.com\/de\/wp-json\/wp\/v2\/pages\/25\/revisions\/3389"}],"wp:featuredmedia":[{"embeddable":true,"href":"https:\/\/www.british-contractor.com\/de\/wp-json\/wp\/v2\/media\/2129"}],"wp:attachment":[{"href":"https:\/\/www.british-contractor.com\/de\/wp-json\/wp\/v2\/media?parent=25"}],"curies":[{"name":"wp","href":"https:\/\/api.w.org\/{rel}","templated":true}]}}