
{"id":3533,"date":"2024-07-24T16:36:04","date_gmt":"2024-07-24T15:36:04","guid":{"rendered":"https:\/\/www.british-contractor.com\/de\/?page_id=3533"},"modified":"2024-09-06T09:07:33","modified_gmt":"2024-09-06T08:07:33","slug":"kataloge","status":"publish","type":"page","link":"https:\/\/www.british-contractor.com\/de\/kataloge\/","title":{"rendered":"Kataloge"},"content":{"rendered":"<p>[vc_row full_width=&#8221;stretch_row&#8221; css=&#8221;.vc_custom_1631616349919{margin-top: -70px !important;padding-top: 40px !important;padding-bottom: 40px !important;background-color: #f6f6f6 !important;}&#8221;][vc_column width=&#8221;5\/6&#8243; offset=&#8221;vc_col-lg-offset-1 vc_col-lg-10&#8243;][vc_custom_heading text=&#8221;Wir bieten eine Reihe von K\u00fcchen- und Gartenm\u00f6beln der vertrauensw\u00fcrdigsten und zuverl\u00e4ssigsten Hersteller der Welt an, die allen Anforderungen und Stilanspr\u00fcchen gerecht werden. Wir beschaffen sie direkt und installieren sie nach den h\u00f6chsten Standards, um sicherzustellen, dass Sie zufrieden sind. Nehmen Sie gerne Kontakt mit uns auf und besprechen Sie Ihre K\u00fcchen- und Gartenbed\u00fcrfnisse. Wir haben Zugriff auf Tausende verschiedener Marken, Stile, Funktionalit\u00e4ten und vieles mehr. Schauen Sie sich unsere Kataloge unten an, um Ihre Reise zu Hausverbesserungen mit uns zu beginnen.&#8221; font_container=&#8221;tag:p|text_align:center&#8221; use_theme_fonts=&#8221;yes&#8221; el_class=&#8221;lead&#8221;][\/vc_column][\/vc_row][vc_row css=&#8221;.vc_custom_1705515859941{padding-top: 40px !important;padding-bottom: 100px !important;}&#8221;][vc_column width=&#8221;5\/12&#8243;][vc_custom_heading text=&#8221;K\u00fcchenkataloge&#8221; use_theme_fonts=&#8221;yes&#8221; css=&#8221;.vc_custom_1721835419017{margin-bottom: 40px !important;}&#8221;][vc_custom_heading text=&#8221;Entdecken Sie unser breites K\u00fcchensortiment in unserer K\u00fcchenbrosch\u00fcre. Passend zu Ihren Bed\u00fcrfnissen bieten wir Ihnen eine Vielzahl an Kombinationsm\u00f6glichkeiten an.&#8221; font_container=&#8221;tag:p|text_align:left&#8221; use_theme_fonts=&#8221;yes&#8221;][vc_custom_heading text=&#8221;Wenn Sie eine Komplettsanierung w\u00fcnschen, bieten wir die neuesten Designs f\u00fcr einen frischen, modernen Look und einen Installationsservice, auf den Sie sich verlassen k\u00f6nnen. Wir k\u00f6nnen auch die Pl\u00e4ne und 3D-Modellierung Ihres Projekts liefern, sodass Sie bereits vor Beginn der Arbeiten genau visualisieren k\u00f6nnen, wie es aussehen wird.&#8221; font_container=&#8221;tag:p|text_align:left&#8221; use_theme_fonts=&#8221;yes&#8221;][vc_empty_space][\/vc_column][vc_column width=&#8221;1\/4&#8243; offset=&#8221;vc_col-lg-offset-1 vc_col-lg-3 vc_col-md-4&#8243;][vc_single_image image=&#8221;3536&#8243; img_size=&#8221;medium&#8221; alignment=&#8221;center&#8221; style=&#8221;vc_box_shadow&#8221; onclick=&#8221;custom_link&#8221; img_link_target=&#8221;_blank&#8221; link=&#8221;https:\/\/www.british-contractor.com\/wp-content\/uploads\/2024\/01\/gama-jit-2023.pdf&#8221;][vc_single_image image=&#8221;3538&#8243; img_size=&#8221;medium&#8221; alignment=&#8221;center&#8221; style=&#8221;vc_box_shadow&#8221; onclick=&#8221;custom_link&#8221; img_link_target=&#8221;_blank&#8221; link=&#8221;https:\/\/www.british-contractor.com\/wp-content\/uploads\/2024\/01\/catalogo_diomo_cocinas_2018.pdf&#8221;][\/vc_column][vc_column width=&#8221;1\/4&#8243;][vc_single_image image=&#8221;3539&#8243; img_size=&#8221;medium&#8221; alignment=&#8221;center&#8221; style=&#8221;vc_box_shadow&#8221; onclick=&#8221;custom_link&#8221; img_link_target=&#8221;_blank&#8221; link=&#8221;https:\/\/www.british-contractor.com\/wp-content\/uploads\/2024\/01\/catalogo-antalia-2021.pdf&#8221;][vc_single_image image=&#8221;3540&#8243; img_size=&#8221;medium&#8221; alignment=&#8221;center&#8221; style=&#8221;vc_box_shadow&#8221; onclick=&#8221;custom_link&#8221; img_link_target=&#8221;_blank&#8221; link=&#8221;https:\/\/www.british-contractor.com\/wp-content\/uploads\/2024\/01\/CATALOGO-BROADWAY-2023-new.pdf&#8221;][\/vc_column][\/vc_row][vc_row css=&#8221;.vc_custom_1705515804985{margin-bottom: -70px !important;padding-top: 60px !important;padding-bottom: 60px !important;}&#8221;][vc_column][vc_custom_heading text=&#8221;Vertrauensw\u00fcrdige Hersteller&#8221; font_container=&#8221;tag:p|text_align:center&#8221; use_theme_fonts=&#8221;yes&#8221; el_class=&#8221;section-title&#8221;][vc_custom_heading text=&#8221;Wir liefern nur das Beste&#8221; font_container=&#8221;tag:p|text_align:center&#8221; use_theme_fonts=&#8221;yes&#8221; el_class=&#8221;testimonial-section-description&#8221;][vc_empty_space][vc_row_inner][vc_column_inner width=&#8221;1\/5&#8243;][vc_single_image image=&#8221;3548&#8243; img_size=&#8221;full&#8221;][vc_single_image image=&#8221;3553&#8243; img_size=&#8221;full&#8221;][\/vc_column_inner][vc_column_inner width=&#8221;1\/5&#8243;][vc_single_image image=&#8221;3549&#8243; img_size=&#8221;medium&#8221;][vc_single_image image=&#8221;3554&#8243; img_size=&#8221;full&#8221;][\/vc_column_inner][vc_column_inner width=&#8221;1\/5&#8243;][vc_single_image image=&#8221;3550&#8243; img_size=&#8221;full&#8221;][vc_single_image image=&#8221;3555&#8243; img_size=&#8221;full&#8221;][\/vc_column_inner][vc_column_inner width=&#8221;1\/5&#8243;][vc_single_image image=&#8221;3551&#8243; img_size=&#8221;full&#8221;][vc_single_image image=&#8221;3556&#8243; img_size=&#8221;full&#8221;][\/vc_column_inner][vc_column_inner width=&#8221;1\/5&#8243;][vc_single_image image=&#8221;3552&#8243; img_size=&#8221;full&#8221;][vc_single_image image=&#8221;3557&#8243; img_size=&#8221;full&#8221;][\/vc_column_inner][\/vc_row_inner][\/vc_column][\/vc_row]<\/p>\n","protected":false},"excerpt":{"rendered":"<p>[vc_row full_width=&#8221;stretch_row&#8221; css=&#8221;.vc_custom_1631616349919{margin-top: -70px !important;padding-top: 40px !important;padding-bottom: 40px !important;background-color: #f6f6f6 !important;}&#8221;][vc_column width=&#8221;5\/6&#8243; offset=&#8221;vc_col-lg-offset-1 vc_col-lg-10&#8243;][vc_custom_heading text=&#8221;Wir bieten eine Reihe von K\u00fcchen- und Gartenm\u00f6beln der vertrauensw\u00fcrdigsten und zuverl\u00e4ssigsten Hersteller der Welt an, die allen Anforderungen und Stilanspr\u00fcchen gerecht werden. Wir beschaffen sie direkt und installieren sie nach den h\u00f6chsten Standards, um sicherzustellen, &hellip;<\/p>\n","protected":false},"author":1,"featured_media":0,"parent":0,"menu_order":0,"comment_status":"closed","ping_status":"closed","template":"","meta":{"_acf_changed":false,"_joinchat":[],"footnotes":""},"class_list":["post-3533","page","type-page","status-publish","hentry"],"acf":[],"_links":{"self":[{"href":"https:\/\/www.british-contractor.com\/de\/wp-json\/wp\/v2\/pages\/3533","targetHints":{"allow":["GET"]}}],"collection":[{"href":"https:\/\/www.british-contractor.com\/de\/wp-json\/wp\/v2\/pages"}],"about":[{"href":"https:\/\/www.british-contractor.com\/de\/wp-json\/wp\/v2\/types\/page"}],"author":[{"embeddable":true,"href":"https:\/\/www.british-contractor.com\/de\/wp-json\/wp\/v2\/users\/1"}],"replies":[{"embeddable":true,"href":"https:\/\/www.british-contractor.com\/de\/wp-json\/wp\/v2\/comments?post=3533"}],"version-history":[{"count":8,"href":"https:\/\/www.british-contractor.com\/de\/wp-json\/wp\/v2\/pages\/3533\/revisions"}],"predecessor-version":[{"id":3564,"href":"https:\/\/www.british-contractor.com\/de\/wp-json\/wp\/v2\/pages\/3533\/revisions\/3564"}],"wp:attachment":[{"href":"https:\/\/www.british-contractor.com\/de\/wp-json\/wp\/v2\/media?parent=3533"}],"curies":[{"name":"wp","href":"https:\/\/api.w.org\/{rel}","templated":true}]}}